{"id":3219,"date":"2025-05-26T14:09:24","date_gmt":"2025-05-26T14:09:24","guid":{"rendered":"https:\/\/komasolution.com\/?page_id=3219"},"modified":"2025-06-24T13:29:01","modified_gmt":"2025-06-24T13:29:01","slug":"legal-notice","status":"publish","type":"page","link":"https:\/\/komasolution.com\/en\/legal-notice\/","title":{"rendered":"Terms of use"},"content":{"rendered":"\t\t<div data-elementor-type=\"wp-page\" data-elementor-id=\"3219\" class=\"elementor elementor-3219\" data-elementor-post-type=\"page\">\n\t\t\t\t<div class=\"elementor-element elementor-element-c9d50c2 e-flex e-con-boxed e-con e-parent\" data-id=\"c9d50c2\" data-element_type=\"container\" data-e-type=\"container\">\n\t\t\t\t\t<div class=\"e-con-inner\">\n\t\t\t\t<div class=\"elementor-element elementor-element-243a8c2 elementor-widget elementor-widget-text-editor\" data-id=\"243a8c2\" data-element_type=\"widget\" data-e-type=\"widget\" data-widget_type=\"text-editor.default\">\n\t\t\t\t<div class=\"elementor-widget-container\">\n\t\t\t\t\t\t\t\t\t<h1><b>Mentions l\u00e9gales<\/b><\/h1><p><b>Conform\u00e9ment \u00e0 la loi n\u00b02004-575 du 21 juin 2004 pour la confiance dans l\u2019\u00e9conomie num\u00e9rique (LCEN), il est pr\u00e9cis\u00e9 aux utilisateurs du site [<\/b><a href=\"http:\/\/www.komasolution.com\"><b>www.komasolution.com<\/b><\/a><b>] l\u2019identit\u00e9 des diff\u00e9rents intervenants dans le cadre de sa r\u00e9alisation et de son suivi.<\/b><\/p><h2><b>1. \u00c9diteur du site<\/b><\/h2><p><span style=\"font-weight: 400;\">Le pr\u00e9sent site est \u00e9dit\u00e9 par :<\/span><span style=\"font-weight: 400;\"><br \/><\/span> <b>Walison Souza Santana<\/b><b><br \/><\/b><span style=\"font-weight: 400;\"> Statut : Entreprise individuelle \/ Micro-entreprise\u00a0<\/span><\/p><p><span style=\"font-weight: 400;\">SIRET : 94422578800016<\/span><\/p><p><span style=\"font-weight: 400;\">Adresse : 12 Rue de Panama<\/span><\/p><p><span style=\"font-weight: 400;\">Email : walisonss.dev@gmail.com<\/span><span style=\"font-weight: 400;\"><br \/><\/span><span style=\"font-weight: 400;\">T\u00e9l\u00e9phone : +33766452781<\/span><span style=\"font-weight: 400;\"><br \/><\/span><span style=\"font-weight: 400;\">Directeur de la publication : <\/span><b>Walison Souza Santana<\/b><\/p><h2><b>2. H\u00e9bergeur<\/b><\/h2><p><b>Nom de l\u2019h\u00e9bergeur :<\/b><span style=\"font-weight: 400;\"> Automattic Inc.<\/span><\/p><p><b>Adresse :<\/b><\/p><p><span style=\"font-weight: 400;\">Automattic Inc.<\/span><\/p><p><span style=\"font-weight: 400;\">60 29th Street #343<\/span><\/p><p><span style=\"font-weight: 400;\">San Francisco, CA 94110<\/span><\/p><p><span style=\"font-weight: 400;\">United States<\/span><\/p><p><b>Site web :<\/b><a href=\"https:\/\/wordpress.com\">\u00a0<\/a><span style=\"color: #cc3366;\"><a href=\"https:\/\/komasolution.com\/\">https:\/\/komasolution.com\/<\/a><\/span><\/p><h2><b>3. Propri\u00e9t\u00e9 intellectuelle<\/b><\/h2><p><span style=\"font-weight: 400;\">L\u2019ensemble du contenu publi\u00e9 sur le site [<\/span><a href=\"http:\/\/www.komasolution.com\"><span style=\"font-weight: 400;\">www.komasolution.com<\/span><\/a><span style=\"font-weight: 400;\">] (textes, images, logos, vid\u00e9os, \u00e9l\u00e9ments graphiques, structure du site, etc.) est la propri\u00e9t\u00e9 exclusive de <\/span><b>KOMA Solution<\/b><span style=\"font-weight: 400;\">, sauf mention contraire.<\/span><\/p><p><span style=\"font-weight: 400;\">Toute reproduction, repr\u00e9sentation, diffusion, exploitation ou modification partielle ou totale de ces contenus, par quelque proc\u00e9d\u00e9 que ce soit, sans l&rsquo;autorisation expresse et pr\u00e9alable de KOMA Solution, est strictement interdite et constitue une contrefa\u00e7on au sens des articles L.335-2 et suivants du Code de la propri\u00e9t\u00e9 intellectuelle.<\/span><\/p><h2><b>4. Donn\u00e9es personnelles<\/b><\/h2><p><span style=\"font-weight: 400;\">La navigation sur ce site peut entra\u00eener la collecte de donn\u00e9es personnelles. Pour plus d&rsquo;informations, veuillez consulter notre [Politique de confidentialit\u00e9](lien vers la page).<\/span><\/p><h2><b>5. Cookies<\/b><\/h2><p><span style=\"font-weight: 400;\">Le site utilise des cookies \u00e0 des fins de mesure d\u2019audience et de marketing. Un bandeau d\u2019information vous permet de g\u00e9rer vos pr\u00e9f\u00e9rences lors de votre premi\u00e8re visite. Pour en savoir plus, consultez notre [<a href=\"https:\/\/komasolution.com\/politique-de-confidentialite\">Politique de confidentialit\u00e9<\/a>].<\/span><\/p><h2><b>6. Limitation de responsabilit\u00e9<\/b><\/h2><p><span style=\"font-weight: 400;\">KOMA Solution met tout en \u0153uvre pour assurer l\u2019exactitude des informations diffus\u00e9es sur son site. Toutefois, elle ne saurait \u00eatre tenue responsable des erreurs, omissions ou \u00e9ventuelles indisponibilit\u00e9s temporaires.<\/span><\/p><p><span style=\"font-weight: 400;\">L\u2019utilisateur du site reconna\u00eet disposer des comp\u00e9tences et moyens n\u00e9cessaires pour acc\u00e9der et utiliser le site, et s\u2019engage \u00e0 ne pas introduire de virus ou tout code malveillant.<\/span><\/p><h2><b>7. Droit applicable \u2013 Juridiction comp\u00e9tente<\/b><\/h2><p><span style=\"font-weight: 400;\">Les pr\u00e9sentes mentions l\u00e9gales sont r\u00e9gies par le droit fran\u00e7ais.<\/span><span style=\"font-weight: 400;\"><br \/><\/span><span style=\"font-weight: 400;\"> En cas de litige, comp\u00e9tence exclusive est attribu\u00e9e aux tribunaux fran\u00e7ais, sauf disposition l\u00e9gale contraire.<\/span><\/p>\t\t\t\t\t\t\t\t<\/div>\n\t\t\t\t<\/div>\n\t\t\t\t\t<\/div>\n\t\t\t\t<\/div>\n\t\t\t\t<\/div>\n\t\t","protected":false},"excerpt":{"rendered":"<p>Mentions l\u00e9gales Conform\u00e9ment \u00e0 la loi n\u00b02004-575 du 21 juin 2004 pour la confiance dans l\u2019\u00e9conomie num\u00e9rique (LCEN), il est pr\u00e9cis\u00e9 aux utilisateurs du site [www.komasolution.com] l\u2019identit\u00e9 des diff\u00e9rents intervenants dans le cadre de sa r\u00e9alisation et de son suivi. 1. \u00c9diteur du site Le pr\u00e9sent site est \u00e9dit\u00e9 par : Walison Souza Santana Statut [&hellip;]<\/p>\n","protected":false},"author":1,"featured_media":0,"parent":0,"menu_order":0,"comment_status":"closed","ping_status":"closed","template":"","meta":{"footnotes":""},"class_list":["post-3219","page","type-page","status-publish","hentry"],"yoast_head":"<!-- This site is optimized with the Yoast SEO Premium plugin v25.3.1 (Yoast SEO v27.5) - https:\/\/yoast.com\/product\/yoast-seo-premium-wordpress\/ -->\n<title>Mentions l\u00e9gales - Koma Solution<\/title>\n<meta name=\"robots\" content=\"index, follow, max-snippet:-1, max-image-preview:large, max-video-preview:-1\" \/>\n<link rel=\"canonical\" href=\"https:\/\/komasolution.com\/en\/legal-notice\/\" \/>\n<meta property=\"og:locale\" content=\"en_US\" \/>\n<meta property=\"og:type\" content=\"article\" \/>\n<meta property=\"og:title\" content=\"Mentions l\u00e9gales\" \/>\n<meta property=\"og:description\" content=\"Mentions l\u00e9gales Conform\u00e9ment \u00e0 la loi n\u00b02004-575 du 21 juin 2004 pour la confiance dans l\u2019\u00e9conomie num\u00e9rique (LCEN), il est pr\u00e9cis\u00e9 aux utilisateurs du site [www.komasolution.com] l\u2019identit\u00e9 des diff\u00e9rents intervenants dans le cadre de sa r\u00e9alisation et de son suivi. 1. \u00c9diteur du site Le pr\u00e9sent site est \u00e9dit\u00e9 par : Walison Souza Santana Statut [&hellip;]\" \/>\n<meta property=\"og:url\" content=\"https:\/\/komasolution.com\/en\/legal-notice\/\" \/>\n<meta property=\"og:site_name\" content=\"Koma Solution\" \/>\n<meta property=\"article:modified_time\" content=\"2025-06-24T13:29:01+00:00\" \/>\n<meta name=\"twitter:card\" content=\"summary_large_image\" \/>\n<meta name=\"twitter:label1\" content=\"Est. reading time\" \/>\n\t<meta name=\"twitter:data1\" content=\"2 minutes\" \/>\n<script type=\"application\/ld+json\" class=\"yoast-schema-graph\">{\"@context\":\"https:\\\/\\\/schema.org\",\"@graph\":[{\"@type\":\"WebPage\",\"@id\":\"https:\\\/\\\/komasolution.com\\\/mentions-legales\\\/\",\"url\":\"https:\\\/\\\/komasolution.com\\\/mentions-legales\\\/\",\"name\":\"Mentions l\u00e9gales - Koma Solution\",\"isPartOf\":{\"@id\":\"https:\\\/\\\/komasolution.com\\\/#website\"},\"datePublished\":\"2025-05-26T14:09:24+00:00\",\"dateModified\":\"2025-06-24T13:29:01+00:00\",\"breadcrumb\":{\"@id\":\"https:\\\/\\\/komasolution.com\\\/mentions-legales\\\/#breadcrumb\"},\"inLanguage\":\"en-US\",\"potentialAction\":[{\"@type\":\"ReadAction\",\"target\":[\"https:\\\/\\\/komasolution.com\\\/mentions-legales\\\/\"]}]},{\"@type\":\"BreadcrumbList\",\"@id\":\"https:\\\/\\\/komasolution.com\\\/mentions-legales\\\/#breadcrumb\",\"itemListElement\":[{\"@type\":\"ListItem\",\"position\":1,\"name\":\"Accueil\",\"item\":\"https:\\\/\\\/komasolution.com\\\/\"},{\"@type\":\"ListItem\",\"position\":2,\"name\":\"Mentions l\u00e9gales\"}]},{\"@type\":\"WebSite\",\"@id\":\"https:\\\/\\\/komasolution.com\\\/#website\",\"url\":\"https:\\\/\\\/komasolution.com\\\/\",\"name\":\"Walison Dev\",\"description\":\"Communication digitale strat\u00e9gique pour votre entreprise\",\"publisher\":{\"@id\":\"https:\\\/\\\/komasolution.com\\\/#organization\"},\"potentialAction\":[{\"@type\":\"SearchAction\",\"target\":{\"@type\":\"EntryPoint\",\"urlTemplate\":\"https:\\\/\\\/komasolution.com\\\/?s={search_term_string}\"},\"query-input\":{\"@type\":\"PropertyValueSpecification\",\"valueRequired\":true,\"valueName\":\"search_term_string\"}}],\"inLanguage\":\"en-US\"},{\"@type\":\"Organization\",\"@id\":\"https:\\\/\\\/komasolution.com\\\/#organization\",\"name\":\"Walison Dev\",\"url\":\"https:\\\/\\\/komasolution.com\\\/\",\"logo\":{\"@type\":\"ImageObject\",\"inLanguage\":\"en-US\",\"@id\":\"https:\\\/\\\/komasolution.com\\\/#\\\/schema\\\/logo\\\/image\\\/\",\"url\":\"https:\\\/\\\/i0.wp.com\\\/komasolution.com\\\/wp-content\\\/uploads\\\/2025\\\/03\\\/LOGO-KOMA-OFFICIEL.png?fit=800%2C488&ssl=1\",\"contentUrl\":\"https:\\\/\\\/i0.wp.com\\\/komasolution.com\\\/wp-content\\\/uploads\\\/2025\\\/03\\\/LOGO-KOMA-OFFICIEL.png?fit=800%2C488&ssl=1\",\"width\":800,\"height\":488,\"caption\":\"Walison Dev\"},\"image\":{\"@id\":\"https:\\\/\\\/komasolution.com\\\/#\\\/schema\\\/logo\\\/image\\\/\"}}]}<\/script>\n<!-- \/ Yoast SEO Premium plugin. -->","yoast_head_json":{"title":"Legal information - Koma Solution","robots":{"index":"index","follow":"follow","max-snippet":"max-snippet:-1","max-image-preview":"max-image-preview:large","max-video-preview":"max-video-preview:-1"},"canonical":"https:\/\/komasolution.com\/en\/legal-notice\/","og_locale":"en_US","og_type":"article","og_title":"Mentions l\u00e9gales","og_description":"Mentions l\u00e9gales Conform\u00e9ment \u00e0 la loi n\u00b02004-575 du 21 juin 2004 pour la confiance dans l\u2019\u00e9conomie num\u00e9rique (LCEN), il est pr\u00e9cis\u00e9 aux utilisateurs du site [www.komasolution.com] l\u2019identit\u00e9 des diff\u00e9rents intervenants dans le cadre de sa r\u00e9alisation et de son suivi. 1. \u00c9diteur du site Le pr\u00e9sent site est \u00e9dit\u00e9 par : Walison Souza Santana Statut [&hellip;]","og_url":"https:\/\/komasolution.com\/en\/legal-notice\/","og_site_name":"Koma Solution","article_modified_time":"2025-06-24T13:29:01+00:00","twitter_card":"summary_large_image","twitter_misc":{"Est. reading time":"2 minutes"},"schema":{"@context":"https:\/\/schema.org","@graph":[{"@type":"WebPage","@id":"https:\/\/komasolution.com\/mentions-legales\/","url":"https:\/\/komasolution.com\/mentions-legales\/","name":"Legal information - Koma Solution","isPartOf":{"@id":"https:\/\/komasolution.com\/#website"},"datePublished":"2025-05-26T14:09:24+00:00","dateModified":"2025-06-24T13:29:01+00:00","breadcrumb":{"@id":"https:\/\/komasolution.com\/mentions-legales\/#breadcrumb"},"inLanguage":"en-US","potentialAction":[{"@type":"ReadAction","target":["https:\/\/komasolution.com\/mentions-legales\/"]}]},{"@type":"BreadcrumbList","@id":"https:\/\/komasolution.com\/mentions-legales\/#breadcrumb","itemListElement":[{"@type":"ListItem","position":1,"name":"Accueil","item":"https:\/\/komasolution.com\/"},{"@type":"ListItem","position":2,"name":"Mentions l\u00e9gales"}]},{"@type":"WebSite","@id":"https:\/\/komasolution.com\/#website","url":"https:\/\/komasolution.com\/","name":"Walison Dev","description":"Strategic digital communication for your company","publisher":{"@id":"https:\/\/komasolution.com\/#organization"},"potentialAction":[{"@type":"SearchAction","target":{"@type":"EntryPoint","urlTemplate":"https:\/\/komasolution.com\/?s={search_term_string}"},"query-input":{"@type":"PropertyValueSpecification","valueRequired":true,"valueName":"search_term_string"}}],"inLanguage":"en-US"},{"@type":"Organization","@id":"https:\/\/komasolution.com\/#organization","name":"Walison Dev","url":"https:\/\/komasolution.com\/","logo":{"@type":"ImageObject","inLanguage":"en-US","@id":"https:\/\/komasolution.com\/#\/schema\/logo\/image\/","url":"https:\/\/i0.wp.com\/komasolution.com\/wp-content\/uploads\/2025\/03\/LOGO-KOMA-OFFICIEL.png?fit=800%2C488&ssl=1","contentUrl":"https:\/\/i0.wp.com\/komasolution.com\/wp-content\/uploads\/2025\/03\/LOGO-KOMA-OFFICIEL.png?fit=800%2C488&ssl=1","width":800,"height":488,"caption":"Walison Dev"},"image":{"@id":"https:\/\/komasolution.com\/#\/schema\/logo\/image\/"}}]}},"jetpack_shortlink":"https:\/\/wp.me\/Pe39zi-PV","_links":{"self":[{"href":"https:\/\/komasolution.com\/en\/wp-json\/wp\/v2\/pages\/3219","targetHints":{"allow":["GET"]}}],"collection":[{"href":"https:\/\/komasolution.com\/en\/wp-json\/wp\/v2\/pages"}],"about":[{"href":"https:\/\/komasolution.com\/en\/wp-json\/wp\/v2\/types\/page"}],"author":[{"embeddable":true,"href":"https:\/\/komasolution.com\/en\/wp-json\/wp\/v2\/users\/1"}],"replies":[{"embeddable":true,"href":"https:\/\/komasolution.com\/en\/wp-json\/wp\/v2\/comments?post=3219"}],"version-history":[{"count":0,"href":"https:\/\/komasolution.com\/en\/wp-json\/wp\/v2\/pages\/3219\/revisions"}],"wp:attachment":[{"href":"https:\/\/komasolution.com\/en\/wp-json\/wp\/v2\/media?parent=3219"}],"curies":[{"name":"wp","href":"https:\/\/api.w.org\/{rel}","templated":true}]}}